{"id":12453,"date":"2024-05-01T12:30:50","date_gmt":"2024-05-01T10:30:50","guid":{"rendered":"https:\/\/danskeberedskaber.dk\/board\/"},"modified":"2024-12-03T12:57:53","modified_gmt":"2024-12-03T11:57:53","slug":"board","status":"publish","type":"page","link":"https:\/\/danskeberedskaber.dk\/en\/board\/","title":{"rendered":"Board"},"content":{"rendered":"\t\t<div data-elementor-type=\"wp-page\" data-elementor-id=\"12453\" class=\"elementor elementor-12453 elementor-1024\" data-elementor-post-type=\"page\">\n\t\t\t\t<div class=\"elementor-element elementor-element-cc5c2f1 e-flex e-con-boxed e-con e-parent\" data-id=\"cc5c2f1\" data-element_type=\"container\" data-e-type=\"container\">\n\t\t\t\t\t<div class=\"e-con-inner\">\n\t\t\t\t<div class=\"elementor-element elementor-element-14ec456 elementor-widget elementor-widget-heading\" data-id=\"14ec456\" data-element_type=\"widget\" data-e-type=\"widget\" data-widget_type=\"heading.default\">\n\t\t\t\t<div class=\"elementor-widget-container\">\n\t\t\t\t\t<h2 class=\"headline-color headline-color-red headline-color-size-h1 elementor-heading-title elementor-size-default\">The board of the Danish Emergency Management Organization<\/h2>\t\t\t\t<\/div>\n\t\t\t\t<\/div>\n\t\t\t\t\t<\/div>\n\t\t\t\t<\/div>\n\t\t<div class=\"elementor-element elementor-element-b360cde e-flex e-con-boxed e-con e-parent\" data-id=\"b360cde\" data-element_type=\"container\" data-e-type=\"container\">\n\t\t\t\t\t<div class=\"e-con-inner\">\n\t\t<div class=\"elementor-element elementor-element-c84d76b e-con-full e-flex e-con e-child\" data-id=\"c84d76b\" data-element_type=\"container\" data-e-type=\"container\">\n\t\t<div class=\"elementor-element elementor-element-63a4ea3 e-con-full e-flex e-con e-child\" data-id=\"63a4ea3\" data-element_type=\"container\" data-e-type=\"container\">\n\t\t\t\t<div class=\"elementor-element elementor-element-665d3d9 elementor-widget elementor-widget-image\" data-id=\"665d3d9\" data-element_type=\"widget\" data-e-type=\"widget\" data-widget_type=\"image.default\">\n\t\t\t\t<div class=\"elementor-widget-container\">\n\t\t\t\t\t\t\t\t\t\t\t\t\t\t\t<img fetchpriority=\"high\" decoding=\"async\" width=\"800\" height=\"772\" src=\"https:\/\/danskeberedskaber.dk\/wp-content\/uploads\/2024\/05\/Jarl-1024x988.jpg\" class=\"attachment-large size-large wp-image-1032\" alt=\"Jarl Vagn Hansen bestyrelsen\" srcset=\"https:\/\/danskeberedskaber.dk\/wp-content\/uploads\/2024\/05\/Jarl-1024x988.jpg 1024w, https:\/\/danskeberedskaber.dk\/wp-content\/uploads\/2024\/05\/Jarl-300x290.jpg 300w, https:\/\/danskeberedskaber.dk\/wp-content\/uploads\/2024\/05\/Jarl-768x741.jpg 768w, https:\/\/danskeberedskaber.dk\/wp-content\/uploads\/2024\/05\/Jarl-1536x1482.jpg 1536w, https:\/\/danskeberedskaber.dk\/wp-content\/uploads\/2024\/05\/Jarl-2048x1977.jpg 2048w\" sizes=\"(max-width: 800px) 100vw, 800px\" \/>\t\t\t\t\t\t\t\t\t\t\t\t\t\t\t<\/div>\n\t\t\t\t<\/div>\n\t\t\t\t<\/div>\n\t\t<div class=\"elementor-element elementor-element-8591790 e-con-full e-flex e-con e-child\" data-id=\"8591790\" data-element_type=\"container\" data-e-type=\"container\">\n\t\t\t\t<div class=\"elementor-element elementor-element-1d8815f elementor-widget elementor-widget-text-editor\" data-id=\"1d8815f\" data-element_type=\"widget\" data-e-type=\"widget\" data-widget_type=\"text-editor.default\">\n\t\t\t\t<div class=\"elementor-widget-container\">\n\t\t\t\t\t\t\t\t\t<p><strong>Chairman<\/strong><br \/>Jarl Vagn Hansen<strong><br \/><\/strong>Director of Emergency Response, Trekantomr\u00e5dets Brandv\u00e6sen<br \/>40 11 38 97<br \/><a href=\"mailto:jarl.hansen@trekantbrand.dk\" target=\"_blank\" rel=\"noopener\">jarl.hansen@trekantbrand.dk<\/a><\/p>\n\t\t\t\t\t\t\t\t<\/div>\n\t\t\t\t<\/div>\n\t\t\t\t<\/div>\n\t\t\t\t<\/div>\n\t\t<div class=\"elementor-element elementor-element-3ea4134 e-con-full e-flex e-con e-child\" data-id=\"3ea4134\" data-element_type=\"container\" data-e-type=\"container\">\n\t\t<div class=\"elementor-element elementor-element-048a8c4 e-con-full e-flex e-con e-child\" data-id=\"048a8c4\" data-element_type=\"container\" data-e-type=\"container\">\n\t\t\t\t<div class=\"elementor-element elementor-element-10897e5 elementor-widget elementor-widget-image\" data-id=\"10897e5\" data-element_type=\"widget\" data-e-type=\"widget\" data-widget_type=\"image.default\">\n\t\t\t\t<div class=\"elementor-widget-container\">\n\t\t\t\t\t\t\t\t\t\t\t\t\t\t\t<img decoding=\"async\" width=\"800\" height=\"772\" src=\"https:\/\/danskeberedskaber.dk\/wp-content\/uploads\/2024\/05\/Lars-1024x988.jpg\" class=\"attachment-large size-large wp-image-1036\" alt=\"Lars Rob\u00e9tj\u00e9 bestyrelsen\" srcset=\"https:\/\/danskeberedskaber.dk\/wp-content\/uploads\/2024\/05\/Lars-1024x988.jpg 1024w, https:\/\/danskeberedskaber.dk\/wp-content\/uploads\/2024\/05\/Lars-300x290.jpg 300w, https:\/\/danskeberedskaber.dk\/wp-content\/uploads\/2024\/05\/Lars-768x741.jpg 768w, https:\/\/danskeberedskaber.dk\/wp-content\/uploads\/2024\/05\/Lars-1536x1482.jpg 1536w, https:\/\/danskeberedskaber.dk\/wp-content\/uploads\/2024\/05\/Lars-2048x1977.jpg 2048w\" sizes=\"(max-width: 800px) 100vw, 800px\" \/>\t\t\t\t\t\t\t\t\t\t\t\t\t\t\t<\/div>\n\t\t\t\t<\/div>\n\t\t\t\t<\/div>\n\t\t<div class=\"elementor-element elementor-element-9629f70 e-con-full e-flex e-con e-child\" data-id=\"9629f70\" data-element_type=\"container\" data-e-type=\"container\">\n\t\t\t\t<div class=\"elementor-element elementor-element-d7470ea elementor-widget elementor-widget-text-editor\" data-id=\"d7470ea\" data-element_type=\"widget\" data-e-type=\"widget\" data-widget_type=\"text-editor.default\">\n\t\t\t\t<div class=\"elementor-widget-container\">\n\t\t\t\t\t\t\t\t\t<p><strong>Vice Chairman<br \/><\/strong>Lars Rob\u00e9tj\u00e9<br \/>Director of Emergency Response, Roskilde Brandv\u00e6sen<br \/>46 31 39 01<br \/><a href=\"mailto:larsro@roskilde.dk\" target=\"_blank\" rel=\"noopener\">larsro@roskilde.dk<\/a><\/p>\n\t\t\t\t\t\t\t\t<\/div>\n\t\t\t\t<\/div>\n\t\t\t\t<\/div>\n\t\t\t\t<\/div>\n\t\t<div class=\"elementor-element elementor-element-53407a2 e-con-full e-flex e-con e-child\" data-id=\"53407a2\" data-element_type=\"container\" data-e-type=\"container\">\n\t\t<div class=\"elementor-element elementor-element-b63d7a6 e-con-full e-flex e-con e-child\" data-id=\"b63d7a6\" data-element_type=\"container\" data-e-type=\"container\">\n\t\t\t\t<div class=\"elementor-element elementor-element-b3a386a elementor-widget elementor-widget-image\" data-id=\"b3a386a\" data-element_type=\"widget\" data-e-type=\"widget\" data-widget_type=\"image.default\">\n\t\t\t\t<div class=\"elementor-widget-container\">\n\t\t\t\t\t\t\t\t\t\t\t\t\t\t\t<img decoding=\"async\" width=\"800\" height=\"772\" src=\"https:\/\/danskeberedskaber.dk\/wp-content\/uploads\/2024\/05\/Claus-1024x988.jpg\" class=\"attachment-large size-large wp-image-1026\" alt=\"Claus Bo Nielsen bestyrelsen\" srcset=\"https:\/\/danskeberedskaber.dk\/wp-content\/uploads\/2024\/05\/Claus-1024x988.jpg 1024w, https:\/\/danskeberedskaber.dk\/wp-content\/uploads\/2024\/05\/Claus-300x289.jpg 300w, https:\/\/danskeberedskaber.dk\/wp-content\/uploads\/2024\/05\/Claus-768x741.jpg 768w, https:\/\/danskeberedskaber.dk\/wp-content\/uploads\/2024\/05\/Claus-1536x1482.jpg 1536w, https:\/\/danskeberedskaber.dk\/wp-content\/uploads\/2024\/05\/Claus-2048x1975.jpg 2048w\" sizes=\"(max-width: 800px) 100vw, 800px\" \/>\t\t\t\t\t\t\t\t\t\t\t\t\t\t\t<\/div>\n\t\t\t\t<\/div>\n\t\t\t\t<\/div>\n\t\t<div class=\"elementor-element elementor-element-74bd7ce e-con-full e-flex e-con e-child\" data-id=\"74bd7ce\" data-element_type=\"container\" data-e-type=\"container\">\n\t\t\t\t<div class=\"elementor-element elementor-element-0f80379 elementor-widget elementor-widget-text-editor\" data-id=\"0f80379\" data-element_type=\"widget\" data-e-type=\"widget\" data-widget_type=\"text-editor.default\">\n\t\t\t\t<div class=\"elementor-widget-container\">\n\t\t\t\t\t\t\t\t\t<p><strong>Secretary<\/strong><br \/>Claus Bo Nielsen<br \/>Director of Emergency Response, Nordvestjyllands Brandv\u00e6sen<br \/>23 74 45 23<br \/><a href=\"mailto:cbn@nvjbrand.dk\" target=\"_blank\" rel=\"noopener\">cbn@nvjbrand.dk<\/a><\/p>\n\t\t\t\t\t\t\t\t<\/div>\n\t\t\t\t<\/div>\n\t\t\t\t<\/div>\n\t\t\t\t<\/div>\n\t\t<div class=\"elementor-element elementor-element-f344a71 e-con-full e-flex e-con e-child\" data-id=\"f344a71\" data-element_type=\"container\" data-e-type=\"container\">\n\t\t<div class=\"elementor-element elementor-element-d653f25 e-con-full e-flex e-con e-child\" data-id=\"d653f25\" data-element_type=\"container\" data-e-type=\"container\">\n\t\t\t\t<div class=\"elementor-element elementor-element-3aa98a3 elementor-widget elementor-widget-image\" data-id=\"3aa98a3\" data-element_type=\"widget\" data-e-type=\"widget\" data-widget_type=\"image.default\">\n\t\t\t\t<div class=\"elementor-widget-container\">\n\t\t\t\t\t\t\t\t\t\t\t\t\t\t\t<img loading=\"lazy\" decoding=\"async\" width=\"800\" height=\"772\" src=\"https:\/\/danskeberedskaber.dk\/wp-content\/uploads\/2024\/05\/Diana-1024x988.jpg\" class=\"attachment-large size-large wp-image-1028\" alt=\"Diana S\u00f8rensen bestyrelsen\" srcset=\"https:\/\/danskeberedskaber.dk\/wp-content\/uploads\/2024\/05\/Diana-1024x988.jpg 1024w, https:\/\/danskeberedskaber.dk\/wp-content\/uploads\/2024\/05\/Diana-300x289.jpg 300w, https:\/\/danskeberedskaber.dk\/wp-content\/uploads\/2024\/05\/Diana-768x741.jpg 768w, https:\/\/danskeberedskaber.dk\/wp-content\/uploads\/2024\/05\/Diana-1536x1482.jpg 1536w, https:\/\/danskeberedskaber.dk\/wp-content\/uploads\/2024\/05\/Diana-2048x1975.jpg 2048w\" sizes=\"(max-width: 800px) 100vw, 800px\" \/>\t\t\t\t\t\t\t\t\t\t\t\t\t\t\t<\/div>\n\t\t\t\t<\/div>\n\t\t\t\t<\/div>\n\t\t<div class=\"elementor-element elementor-element-db43e86 e-con-full e-flex e-con e-child\" data-id=\"db43e86\" data-element_type=\"container\" data-e-type=\"container\">\n\t\t\t\t<div class=\"elementor-element elementor-element-8d0760d elementor-widget elementor-widget-text-editor\" data-id=\"8d0760d\" data-element_type=\"widget\" data-e-type=\"widget\" data-widget_type=\"text-editor.default\">\n\t\t\t\t<div class=\"elementor-widget-container\">\n\t\t\t\t\t\t\t\t\t<p><strong>Treasurer<br \/><\/strong>Diana S\u00f8rensen<br \/>Director of Emergency Response, Nordjyllands Beredskab<br \/>24 49 20 24<br \/><a href=\"mailto:ds@norb.dk\" target=\"_blank\" rel=\"noopener\">ds@nobr.dk<\/a><\/p>\n\t\t\t\t\t\t\t\t<\/div>\n\t\t\t\t<\/div>\n\t\t\t\t<\/div>\n\t\t\t\t<\/div>\n\t\t<div class=\"elementor-element elementor-element-6960f67 e-con-full e-flex e-con e-child\" data-id=\"6960f67\" data-element_type=\"container\" data-e-type=\"container\">\n\t\t<div class=\"elementor-element elementor-element-c267be4 e-con-full e-flex e-con e-child\" data-id=\"c267be4\" data-element_type=\"container\" data-e-type=\"container\">\n\t\t\t\t<div class=\"elementor-element elementor-element-216a051 elementor-widget elementor-widget-image\" data-id=\"216a051\" data-element_type=\"widget\" data-e-type=\"widget\" data-widget_type=\"image.default\">\n\t\t\t\t<div class=\"elementor-widget-container\">\n\t\t\t\t\t\t\t\t\t\t\t\t\t\t\t<img loading=\"lazy\" decoding=\"async\" width=\"800\" height=\"772\" src=\"https:\/\/danskeberedskaber.dk\/wp-content\/uploads\/2024\/05\/Jakob-1024x988.jpg\" class=\"attachment-large size-large wp-image-1030\" alt=\"Jakob Vedsted Andersen bestyrelsen\" srcset=\"https:\/\/danskeberedskaber.dk\/wp-content\/uploads\/2024\/05\/Jakob-1024x988.jpg 1024w, https:\/\/danskeberedskaber.dk\/wp-content\/uploads\/2024\/05\/Jakob-300x289.jpg 300w, https:\/\/danskeberedskaber.dk\/wp-content\/uploads\/2024\/05\/Jakob-768x741.jpg 768w, https:\/\/danskeberedskaber.dk\/wp-content\/uploads\/2024\/05\/Jakob-1536x1482.jpg 1536w, https:\/\/danskeberedskaber.dk\/wp-content\/uploads\/2024\/05\/Jakob-2048x1976.jpg 2048w\" sizes=\"(max-width: 800px) 100vw, 800px\" \/>\t\t\t\t\t\t\t\t\t\t\t\t\t\t\t<\/div>\n\t\t\t\t<\/div>\n\t\t\t\t<\/div>\n\t\t<div class=\"elementor-element elementor-element-3e01fdb e-con-full e-flex e-con e-child\" data-id=\"3e01fdb\" data-element_type=\"container\" data-e-type=\"container\">\n\t\t\t\t<div class=\"elementor-element elementor-element-255fe27 elementor-widget elementor-widget-text-editor\" data-id=\"255fe27\" data-element_type=\"widget\" data-e-type=\"widget\" data-widget_type=\"text-editor.default\">\n\t\t\t\t<div class=\"elementor-widget-container\">\n\t\t\t\t\t\t\t\t\t<p><strong>Board Member<br \/><\/strong>Jakob Vedsted Andersen<br \/>Director of Emergency Response, Hovedstadens Beredskab<br \/>33 43 12 50<br \/><a href=\"mailto:jva@hbr.dk\" target=\"_blank\" rel=\"noopener\">jva@hbr.dk<\/a><\/p>\n\t\t\t\t\t\t\t\t<\/div>\n\t\t\t\t<\/div>\n\t\t\t\t<\/div>\n\t\t\t\t<\/div>\n\t\t<div class=\"elementor-element elementor-element-b948301 e-con-full e-flex e-con e-child\" data-id=\"b948301\" data-element_type=\"container\" data-e-type=\"container\">\n\t\t<div class=\"elementor-element elementor-element-2d45066 e-grid e-con-full e-con e-child\" data-id=\"2d45066\" data-element_type=\"container\" data-e-type=\"container\">\n\t\t\t\t<div class=\"elementor-element elementor-element-68da41c elementor-widget elementor-widget-image\" data-id=\"68da41c\" data-element_type=\"widget\" data-e-type=\"widget\" data-widget_type=\"image.default\">\n\t\t\t\t<div class=\"elementor-widget-container\">\n\t\t\t\t\t\t\t\t\t\t\t\t\t\t\t<img loading=\"lazy\" decoding=\"async\" width=\"800\" height=\"730\" src=\"https:\/\/danskeberedskaber.dk\/wp-content\/uploads\/2024\/09\/Kim-Bjerg-Wemmelund-1024x934.jpg\" class=\"attachment-large size-large wp-image-11850\" alt=\"\" srcset=\"https:\/\/danskeberedskaber.dk\/wp-content\/uploads\/2024\/09\/Kim-Bjerg-Wemmelund-1024x934.jpg 1024w, https:\/\/danskeberedskaber.dk\/wp-content\/uploads\/2024\/09\/Kim-Bjerg-Wemmelund-300x274.jpg 300w, https:\/\/danskeberedskaber.dk\/wp-content\/uploads\/2024\/09\/Kim-Bjerg-Wemmelund-768x701.jpg 768w, https:\/\/danskeberedskaber.dk\/wp-content\/uploads\/2024\/09\/Kim-Bjerg-Wemmelund.jpg 1155w\" sizes=\"(max-width: 800px) 100vw, 800px\" \/>\t\t\t\t\t\t\t\t\t\t\t\t\t\t\t<\/div>\n\t\t\t\t<\/div>\n\t\t\t\t<div class=\"elementor-element elementor-element-7bee8e5 elementor-widget elementor-widget-text-editor\" data-id=\"7bee8e5\" data-element_type=\"widget\" data-e-type=\"widget\" data-widget_type=\"text-editor.default\">\n\t\t\t\t<div class=\"elementor-widget-container\">\n\t\t\t\t\t\t\t\t\t<p><span style=\"font-weight: bolder;\">Substitute Board Member<br \/><\/span>Kim Bjerg Wemmelund<br \/>Director of Emergency Response, Brand &amp; Redning MidtVest<br \/>20 42 35 11<br \/>kbw@brmv.dk <\/p>\n\t\t\t\t\t\t\t\t<\/div>\n\t\t\t\t<\/div>\n\t\t\t\t<\/div>\n\t\t\t\t<\/div>\n\t\t\t\t\t<\/div>\n\t\t\t\t<\/div>\n\t\t<div class=\"elementor-element elementor-element-fd1dd6a e-grid e-con-boxed e-con e-parent\" data-id=\"fd1dd6a\" data-element_type=\"container\" data-e-type=\"container\">\n\t\t\t\t\t<div class=\"e-con-inner\">\n\t\t\t\t\t<\/div>\n\t\t\t\t<\/div>\n\t\t\t\t<\/div>\n\t\t","protected":false},"excerpt":{"rendered":"<p>The board of the Danish Emergency Management Organization ChairmanJarl Vagn HansenDirector of Emergency Response, Trekantomr\u00e5dets Brandv\u00e6sen40 11 38 97jarl.hansen@trekantbrand.dk Vice ChairmanLars Rob\u00e9tj\u00e9Director of Emergency Response, Roskilde Brandv\u00e6sen46 31 39 01larsro@roskilde.dk SecretaryClaus Bo NielsenDirector of Emergency Response, Nordvestjyllands Brandv\u00e6sen23 74 45 23cbn@nvjbrand.dk TreasurerDiana S\u00f8rensenDirector of Emergency Response, Nordjyllands Beredskab24 49 20 24ds@nobr.dk Board MemberJakob Vedsted AndersenDirector [&hellip;]<\/p>\n","protected":false},"author":3,"featured_media":0,"parent":0,"menu_order":0,"comment_status":"closed","ping_status":"closed","template":"","meta":{"footnotes":""},"class_list":["post-12453","page","type-page","status-publish","hentry"],"yoast_head":"<!-- This site is optimized with the Yoast SEO plugin v26.2 - https:\/\/yoast.com\/wordpress\/plugins\/seo\/ -->\n<title>Board - Danskeberedskaber<\/title>\n<meta name=\"robots\" content=\"index, follow, max-snippet:-1, max-image-preview:large, max-video-preview:-1\" \/>\n<link rel=\"canonical\" href=\"https:\/\/danskeberedskaber.dk\/en\/board\/\" \/>\n<meta property=\"og:locale\" content=\"en_US\" \/>\n<meta property=\"og:type\" content=\"article\" \/>\n<meta property=\"og:title\" content=\"Board - Danskeberedskaber\" \/>\n<meta property=\"og:description\" content=\"The board of the Danish Emergency Management Organization ChairmanJarl Vagn HansenDirector of Emergency Response, Trekantomr\u00e5dets Brandv\u00e6sen40 11 38 97jarl.hansen@trekantbrand.dk Vice ChairmanLars Rob\u00e9tj\u00e9Director of Emergency Response, Roskilde Brandv\u00e6sen46 31 39 01larsro@roskilde.dk SecretaryClaus Bo NielsenDirector of Emergency Response, Nordvestjyllands Brandv\u00e6sen23 74 45 23cbn@nvjbrand.dk TreasurerDiana S\u00f8rensenDirector of Emergency Response, Nordjyllands Beredskab24 49 20 24ds@nobr.dk Board MemberJakob Vedsted AndersenDirector [&hellip;]\" \/>\n<meta property=\"og:url\" content=\"https:\/\/danskeberedskaber.dk\/en\/board\/\" \/>\n<meta property=\"og:site_name\" content=\"Danskeberedskaber\" \/>\n<meta property=\"article:publisher\" content=\"https:\/\/www.facebook.com\/Danske.Beredskaber\/\" \/>\n<meta property=\"article:modified_time\" content=\"2024-12-03T11:57:53+00:00\" \/>\n<meta property=\"og:image\" content=\"https:\/\/danskeberedskaber.dk\/wp-content\/uploads\/2024\/05\/Jarl-scaled.jpg\" \/>\n\t<meta property=\"og:image:width\" content=\"2560\" \/>\n\t<meta property=\"og:image:height\" content=\"2471\" \/>\n\t<meta property=\"og:image:type\" content=\"image\/jpeg\" \/>\n<meta name=\"twitter:card\" content=\"summary_large_image\" \/>\n<meta name=\"twitter:site\" content=\"@danskberedskab\" \/>\n<script type=\"application\/ld+json\" class=\"yoast-schema-graph\">{\"@context\":\"https:\/\/schema.org\",\"@graph\":[{\"@type\":\"WebPage\",\"@id\":\"https:\/\/danskeberedskaber.dk\/en\/board\/\",\"url\":\"https:\/\/danskeberedskaber.dk\/en\/board\/\",\"name\":\"Board - Danskeberedskaber\",\"isPartOf\":{\"@id\":\"https:\/\/danskeberedskaber.dk\/en\/#website\"},\"primaryImageOfPage\":{\"@id\":\"https:\/\/danskeberedskaber.dk\/en\/board\/#primaryimage\"},\"image\":{\"@id\":\"https:\/\/danskeberedskaber.dk\/en\/board\/#primaryimage\"},\"thumbnailUrl\":\"https:\/\/danskeberedskaber.dk\/wp-content\/uploads\/2024\/05\/Jarl-1024x988.jpg\",\"datePublished\":\"2024-05-01T10:30:50+00:00\",\"dateModified\":\"2024-12-03T11:57:53+00:00\",\"breadcrumb\":{\"@id\":\"https:\/\/danskeberedskaber.dk\/en\/board\/#breadcrumb\"},\"inLanguage\":\"en-US\",\"potentialAction\":[{\"@type\":\"ReadAction\",\"target\":[\"https:\/\/danskeberedskaber.dk\/en\/board\/\"]}]},{\"@type\":\"ImageObject\",\"inLanguage\":\"en-US\",\"@id\":\"https:\/\/danskeberedskaber.dk\/en\/board\/#primaryimage\",\"url\":\"https:\/\/danskeberedskaber.dk\/wp-content\/uploads\/2024\/05\/Jarl-1024x988.jpg\",\"contentUrl\":\"https:\/\/danskeberedskaber.dk\/wp-content\/uploads\/2024\/05\/Jarl-1024x988.jpg\"},{\"@type\":\"BreadcrumbList\",\"@id\":\"https:\/\/danskeberedskaber.dk\/en\/board\/#breadcrumb\",\"itemListElement\":[{\"@type\":\"ListItem\",\"position\":1,\"name\":\"Hjem\",\"item\":\"https:\/\/danskeberedskaber.dk\/en\/\"},{\"@type\":\"ListItem\",\"position\":2,\"name\":\"Board\"}]},{\"@type\":\"WebSite\",\"@id\":\"https:\/\/danskeberedskaber.dk\/en\/#website\",\"url\":\"https:\/\/danskeberedskaber.dk\/en\/\",\"name\":\"Danske Beredskaber\",\"description\":\"\",\"publisher\":{\"@id\":\"https:\/\/danskeberedskaber.dk\/en\/#organization\"},\"potentialAction\":[{\"@type\":\"SearchAction\",\"target\":{\"@type\":\"EntryPoint\",\"urlTemplate\":\"https:\/\/danskeberedskaber.dk\/en\/?s={search_term_string}\"},\"query-input\":{\"@type\":\"PropertyValueSpecification\",\"valueRequired\":true,\"valueName\":\"search_term_string\"}}],\"inLanguage\":\"en-US\"},{\"@type\":\"Organization\",\"@id\":\"https:\/\/danskeberedskaber.dk\/en\/#organization\",\"name\":\"Danske Beredskaber\",\"url\":\"https:\/\/danskeberedskaber.dk\/en\/\",\"logo\":{\"@type\":\"ImageObject\",\"inLanguage\":\"en-US\",\"@id\":\"https:\/\/danskeberedskaber.dk\/en\/#\/schema\/logo\/image\/\",\"url\":\"https:\/\/danskeberedskaber.dk\/wp-content\/uploads\/2024\/03\/db-logo.png\",\"contentUrl\":\"https:\/\/danskeberedskaber.dk\/wp-content\/uploads\/2024\/03\/db-logo.png\",\"width\":151,\"height\":188,\"caption\":\"Danske Beredskaber\"},\"image\":{\"@id\":\"https:\/\/danskeberedskaber.dk\/en\/#\/schema\/logo\/image\/\"},\"sameAs\":[\"https:\/\/www.facebook.com\/Danske.Beredskaber\/\",\"https:\/\/x.com\/danskberedskab\",\"https:\/\/www.instagram.com\/danskeberedskaber\/\"]}]}<\/script>\n<!-- \/ Yoast SEO plugin. -->","yoast_head_json":{"title":"Board - Danskeberedskaber","robots":{"index":"index","follow":"follow","max-snippet":"max-snippet:-1","max-image-preview":"max-image-preview:large","max-video-preview":"max-video-preview:-1"},"canonical":"https:\/\/danskeberedskaber.dk\/en\/board\/","og_locale":"en_US","og_type":"article","og_title":"Board - Danskeberedskaber","og_description":"The board of the Danish Emergency Management Organization ChairmanJarl Vagn HansenDirector of Emergency Response, Trekantomr\u00e5dets Brandv\u00e6sen40 11 38 97jarl.hansen@trekantbrand.dk Vice ChairmanLars Rob\u00e9tj\u00e9Director of Emergency Response, Roskilde Brandv\u00e6sen46 31 39 01larsro@roskilde.dk SecretaryClaus Bo NielsenDirector of Emergency Response, Nordvestjyllands Brandv\u00e6sen23 74 45 23cbn@nvjbrand.dk TreasurerDiana S\u00f8rensenDirector of Emergency Response, Nordjyllands Beredskab24 49 20 24ds@nobr.dk Board MemberJakob Vedsted AndersenDirector [&hellip;]","og_url":"https:\/\/danskeberedskaber.dk\/en\/board\/","og_site_name":"Danskeberedskaber","article_publisher":"https:\/\/www.facebook.com\/Danske.Beredskaber\/","article_modified_time":"2024-12-03T11:57:53+00:00","og_image":[{"width":2560,"height":2471,"url":"https:\/\/danskeberedskaber.dk\/wp-content\/uploads\/2024\/05\/Jarl-scaled.jpg","type":"image\/jpeg"}],"twitter_card":"summary_large_image","twitter_site":"@danskberedskab","schema":{"@context":"https:\/\/schema.org","@graph":[{"@type":"WebPage","@id":"https:\/\/danskeberedskaber.dk\/en\/board\/","url":"https:\/\/danskeberedskaber.dk\/en\/board\/","name":"Board - Danskeberedskaber","isPartOf":{"@id":"https:\/\/danskeberedskaber.dk\/en\/#website"},"primaryImageOfPage":{"@id":"https:\/\/danskeberedskaber.dk\/en\/board\/#primaryimage"},"image":{"@id":"https:\/\/danskeberedskaber.dk\/en\/board\/#primaryimage"},"thumbnailUrl":"https:\/\/danskeberedskaber.dk\/wp-content\/uploads\/2024\/05\/Jarl-1024x988.jpg","datePublished":"2024-05-01T10:30:50+00:00","dateModified":"2024-12-03T11:57:53+00:00","breadcrumb":{"@id":"https:\/\/danskeberedskaber.dk\/en\/board\/#breadcrumb"},"inLanguage":"en-US","potentialAction":[{"@type":"ReadAction","target":["https:\/\/danskeberedskaber.dk\/en\/board\/"]}]},{"@type":"ImageObject","inLanguage":"en-US","@id":"https:\/\/danskeberedskaber.dk\/en\/board\/#primaryimage","url":"https:\/\/danskeberedskaber.dk\/wp-content\/uploads\/2024\/05\/Jarl-1024x988.jpg","contentUrl":"https:\/\/danskeberedskaber.dk\/wp-content\/uploads\/2024\/05\/Jarl-1024x988.jpg"},{"@type":"BreadcrumbList","@id":"https:\/\/danskeberedskaber.dk\/en\/board\/#breadcrumb","itemListElement":[{"@type":"ListItem","position":1,"name":"Hjem","item":"https:\/\/danskeberedskaber.dk\/en\/"},{"@type":"ListItem","position":2,"name":"Board"}]},{"@type":"WebSite","@id":"https:\/\/danskeberedskaber.dk\/en\/#website","url":"https:\/\/danskeberedskaber.dk\/en\/","name":"Danske Beredskaber","description":"","publisher":{"@id":"https:\/\/danskeberedskaber.dk\/en\/#organization"},"potentialAction":[{"@type":"SearchAction","target":{"@type":"EntryPoint","urlTemplate":"https:\/\/danskeberedskaber.dk\/en\/?s={search_term_string}"},"query-input":{"@type":"PropertyValueSpecification","valueRequired":true,"valueName":"search_term_string"}}],"inLanguage":"en-US"},{"@type":"Organization","@id":"https:\/\/danskeberedskaber.dk\/en\/#organization","name":"Danske Beredskaber","url":"https:\/\/danskeberedskaber.dk\/en\/","logo":{"@type":"ImageObject","inLanguage":"en-US","@id":"https:\/\/danskeberedskaber.dk\/en\/#\/schema\/logo\/image\/","url":"https:\/\/danskeberedskaber.dk\/wp-content\/uploads\/2024\/03\/db-logo.png","contentUrl":"https:\/\/danskeberedskaber.dk\/wp-content\/uploads\/2024\/03\/db-logo.png","width":151,"height":188,"caption":"Danske Beredskaber"},"image":{"@id":"https:\/\/danskeberedskaber.dk\/en\/#\/schema\/logo\/image\/"},"sameAs":["https:\/\/www.facebook.com\/Danske.Beredskaber\/","https:\/\/x.com\/danskberedskab","https:\/\/www.instagram.com\/danskeberedskaber\/"]}]}},"_links":{"self":[{"href":"https:\/\/danskeberedskaber.dk\/en\/wp-json\/wp\/v2\/pages\/12453","targetHints":{"allow":["GET"]}}],"collection":[{"href":"https:\/\/danskeberedskaber.dk\/en\/wp-json\/wp\/v2\/pages"}],"about":[{"href":"https:\/\/danskeberedskaber.dk\/en\/wp-json\/wp\/v2\/types\/page"}],"author":[{"embeddable":true,"href":"https:\/\/danskeberedskaber.dk\/en\/wp-json\/wp\/v2\/users\/3"}],"replies":[{"embeddable":true,"href":"https:\/\/danskeberedskaber.dk\/en\/wp-json\/wp\/v2\/comments?post=12453"}],"version-history":[{"count":1,"href":"https:\/\/danskeberedskaber.dk\/en\/wp-json\/wp\/v2\/pages\/12453\/revisions"}],"predecessor-version":[{"id":12454,"href":"https:\/\/danskeberedskaber.dk\/en\/wp-json\/wp\/v2\/pages\/12453\/revisions\/12454"}],"wp:attachment":[{"href":"https:\/\/danskeberedskaber.dk\/en\/wp-json\/wp\/v2\/media?parent=12453"}],"curies":[{"name":"wp","href":"https:\/\/api.w.org\/{rel}","templated":true}]}}